{"id":1420,"date":"2025-09-24T14:33:04","date_gmt":"2025-09-24T18:33:04","guid":{"rendered":"https:\/\/promec.cinetic.dev\/sante-et-securite\/"},"modified":"2026-03-13T15:36:46","modified_gmt":"2026-03-13T19:36:46","slug":"health-safety","status":"publish","type":"page","link":"https:\/\/promec.cinetic.dev\/en\/health-safety\/","title":{"rendered":"Health &#038; Safety"},"content":{"rendered":"<section class=\"l-section wpb_row common-hero-section height_small with_img\"><div class=\"l-section-img\" role=\"img\" aria-label=\"Image\" data-img-width=\"1920\" data-img-height=\"1282\" style=\"background-image: url(https:\/\/promec.cinetic.dev\/wp-content\/uploads\/2025\/10\/DSC01013-1.jpg);background-position: top center;background-repeat: no-repeat;\"><\/div><div class=\"l-section-overlay\" style=\"background:var(--color-content-overlay-grad, var(--color-content-overlay) )\"><\/div><div class=\"l-section-h i-cf\"><div class=\"g-cols vc_row via_grid cols_1 laptops-cols_inherit tablets-cols_inherit mobiles-cols_1 valign_top type_default stacking_default\"><div class=\"wpb_column vc_column_container\"><div class=\"vc_column-inner\"><div class=\"wpb_text_column\"><div class=\"wpb_wrapper\"><h1 style=\"text-align: center;\">Health &amp; Safety<\/h1>\n<\/div><\/div><\/div><\/div><\/div><\/div><\/section><section class=\"l-section wpb_row us_custom_76677bb4 height_small\"><div class=\"l-section-h i-cf\"><div class=\"g-cols vc_row via_grid cols_1 laptops-cols_inherit tablets-cols_inherit mobiles-cols_1 valign_middle type_default stacking_default\"><div class=\"wpb_column vc_column_container\"><div class=\"vc_column-inner\"><div class=\"wpb_text_column style-h6\"><div class=\"wpb_wrapper\"><p style=\"text-align: center;\">Chez Promec, nous pla\u00e7ons la sant\u00e9, la s\u00e9curit\u00e9 et le bien-\u00eatre de tous au c\u0153ur de nos d\u00e9cisions. Chaque action vise \u00e0 prot\u00e9ger nos \u00e9quipes, le public et l\u2019environnement, dans une perspective durable et responsable.<\/p>\n<\/div><\/div><div class=\"g-cols wpb_row via_grid cols_2 laptops-cols_inherit tablets-cols_inherit mobiles-cols_1 valign_top type_default stacking_default\" style=\"--columns-gap:3rem;\"><div class=\"wpb_column vc_column_container\"><div class=\"vc_column-inner\"><div class=\"w-image has_ratio align_none\"><div class=\"w-image-h\"><div style=\"padding-bottom:75%\"><\/div><img decoding=\"async\" width=\"1920\" height=\"1278\" src=\"https:\/\/promec.cinetic.dev\/wp-content\/uploads\/2025\/12\/promec-125dpi\u00a9Christian_Leduc-1034.jpg\" class=\"attachment-full size-full\" alt=\"\" loading=\"lazy\" \/><\/div><\/div><\/div><\/div><div class=\"wpb_column vc_column_container\"><div class=\"vc_column-inner\"><div class=\"wpb_text_column\"><div class=\"wpb_wrapper\"><h2>Un engagement envers la sant\u00e9 et la s\u00e9curit\u00e9<\/h2>\n<\/div><\/div><div class=\"w-separator size_medium\"><\/div><div class=\"wpb_text_column\"><div class=\"wpb_wrapper\"><p>\u00c0 travers toutes les d\u00e9cisions affectant nos op\u00e9rations, nous nous engageons \u00e0 prot\u00e9ger la sant\u00e9, la s\u00e9curit\u00e9 et le bien-\u00eatre de nos employ\u00e9s, clients, sous-traitants, du public et de l\u2019environnement, en tenant compte des g\u00e9n\u00e9rations futures.<\/p>\n<\/div><\/div><\/div><\/div><\/div><\/div><\/div><\/div><\/div><\/section><section class=\"l-section wpb_row sante-securite-section-comment-arrivons height_small\"><div class=\"l-section-h i-cf\"><div class=\"g-cols vc_row via_grid cols_2 laptops-cols_inherit tablets-cols_inherit mobiles-cols_1 valign_middle type_default stacking_default\"><div class=\"wpb_column vc_column_container\"><div class=\"vc_column-inner\"><div class=\"wpb_text_column style-h2\"><div class=\"wpb_wrapper\"><p>Comment nous y arrivons<\/p>\n<\/div><\/div><div class=\"w-separator size_large\"><\/div><div class=\"wpb_text_column\"><div class=\"wpb_wrapper\"><p>Nous en faisons une priorit\u00e9 \u00e0 chaque \u00e9tape de nos projets et nous am\u00e9liorons continuellement notre performance en :<\/p>\n<\/div><\/div><div class=\"w-separator size_large\"><\/div><div class=\"wpb_text_column\"><div class=\"wpb_wrapper\"><ul>\n<li>Respectant les lois, les r\u00e8glements et les normes en vigueur et en demeurant \u00e0 l\u2019affut des nouvelles r\u00e8glementations.<\/li>\n<li>Effectuant des v\u00e9rifications et des audits de nos performances.<\/li>\n<li>Consultant nos clients, partenaires et fournisseurs afin d\u2019am\u00e9liorer continuellement notre performance.<\/li>\n<li>Offrant de la formation continue \u00e0 notre main-d\u2019\u0153uvre afin de renforcer et d\u2019\u00e9largir leurs comp\u00e9tences et qui r\u00e9pond \u00e0 nos objectifs.<\/li>\n<li>Am\u00e9liorant constamment nos proc\u00e9dures de travail.<\/li>\n<li><span>Int\u00e9grant les nouvelles technologies afin de demeurer un chef de file en mati\u00e8re de sant\u00e9 et s\u00e9curit\u00e9 au travail.<\/span><\/li>\n<\/ul>\n<\/div><\/div><\/div><\/div><div class=\"wpb_column vc_column_container\"><div class=\"vc_column-inner\"><div class=\"w-image us_custom_292cfa2c has_ratio align_none\"><div class=\"w-image-h\"><div style=\"padding-bottom:75%\"><\/div><img decoding=\"async\" width=\"1278\" height=\"1920\" src=\"https:\/\/promec.cinetic.dev\/wp-content\/uploads\/2026\/01\/promec-125dpi\u00a9Christian_Leduc-0929.jpg\" class=\"attachment-full size-full\" alt=\"\" loading=\"lazy\" \/><\/div><\/div><\/div><\/div><\/div><\/div><\/section><style data-type=\"us_custom-css\">.rb-famille-blanc{padding-block:unset!important;padding-left:unset!important;padding-right:unset!important}.rb-famille-blanc .g-cols.via_grid{gap:var(--space-s-2xl)}.rb-famille-blanc .wpb_column:last-of-type{padding-block:calc(var(--space-l-2xl) * 1.4);align-self:center;padding-right:var(--space-s-2xl)}@media(max-width:1024px){ .rb-famille-blanc .wpb_column{min-height:30vh}.rb-famille-blanc :where(.wpb_column:last-of-type,.wpb_column:last-of-type .vc_column-inner){padding-inline:var(--space-xs)!important}}<\/style><section class=\"l-section wpb_row us_custom_e8a3da9e rb-famille-blanc has_text_color height_auto\"><div class=\"l-section-h i-cf\"><div class=\"g-cols vc_row via_grid cols_2 laptops-cols_inherit tablets-cols_inherit mobiles-cols_1 valign_top type_default stacking_default\"><div class=\"wpb_column vc_column_container us_custom_d1120de8 has_bg_color\"><div class=\"vc_column-inner\"><\/div><\/div><div class=\"wpb_column vc_column_container\"><div class=\"vc_column-inner\"><div class=\"wpb_text_column style-h2\"><div class=\"wpb_wrapper\"><p>Bee part<br \/>\nof the family<\/p>\n<\/div><\/div><div class=\"w-separator size_medium\"><\/div><div class=\"wpb_text_column\"><div class=\"wpb_wrapper\"><p>Our reputation is built on the strength of our people. We consistently deliver successful projects. Thanks to our experienced and versatile team.<\/p>\n<\/div><\/div><div class=\"w-separator size_medium\"><\/div><div class=\"w-btn-wrapper align_none\"><a class=\"w-btn us-btn-style_1\" href=\"\/en\/careers\/#available-positions\"><span class=\"w-btn-label\">View Available Positions<\/span><\/a><\/div><\/div><\/div><\/div><\/div><\/section>\n\n","protected":false},"excerpt":{"rendered":"Health &amp; Safety Chez Promec, nous pla\u00e7ons la sant\u00e9, la s\u00e9curit\u00e9 et le bien-\u00eatre de tous au c\u0153ur de nos d\u00e9cisions. Chaque action vise \u00e0 prot\u00e9ger nos \u00e9quipes, le public et l\u2019environnement, dans une perspective durable et responsable. Un engagement envers la sant\u00e9 et la s\u00e9curit\u00e9 \u00c0 travers toutes les d\u00e9cisions affectant nos op\u00e9rations, nous...","protected":false},"author":1,"featured_media":0,"parent":0,"menu_order":0,"comment_status":"closed","ping_status":"closed","template":"","meta":{"_acf_changed":false,"footnotes":""},"class_list":["post-1420","page","type-page","status-publish","hentry"],"acf":[],"yoast_head":"<!-- This site is optimized with the Yoast SEO plugin v27.3 - https:\/\/yoast.com\/product\/yoast-seo-wordpress\/ -->\n<title>Health &amp; Safety | Promec<\/title>\n<meta name=\"description\" content=\"Chez Promec, nous priorisons la sant\u00e9 et s\u00e9curit\u00e9 pour prot\u00e9ger nos \u00e9quipes et l&#039;environnement \u00e0 chaque projet.\" \/>\n<meta name=\"robots\" content=\"noindex, follow, max-snippet:-1, max-image-preview:large, max-video-preview:-1\" \/>\n<meta property=\"og:locale\" content=\"en_US\" \/>\n<meta property=\"og:type\" content=\"article\" \/>\n<meta property=\"og:title\" content=\"Health &amp; Safety | Promec\" \/>\n<meta property=\"og:description\" content=\"Chez Promec, nous priorisons la sant\u00e9 et s\u00e9curit\u00e9 pour prot\u00e9ger nos \u00e9quipes et l&#039;environnement \u00e0 chaque projet.\" \/>\n<meta property=\"og:url\" content=\"https:\/\/promec.cinetic.dev\/en\/health-safety\/\" \/>\n<meta property=\"og:site_name\" content=\"Promec\" \/>\n<meta property=\"article:publisher\" content=\"https:\/\/www.facebook.com\/groupepromec?fref=ts\" \/>\n<meta property=\"article:modified_time\" content=\"2026-03-13T19:36:46+00:00\" \/>\n<meta name=\"twitter:card\" content=\"summary_large_image\" \/>\n<meta name=\"twitter:label1\" content=\"Est. reading time\" \/>\n\t<meta name=\"twitter:data1\" content=\"2 minutes\" \/>\n<script type=\"application\/ld+json\" class=\"yoast-schema-graph\">{\"@context\":\"https:\\\/\\\/schema.org\",\"@graph\":[{\"@type\":\"WebPage\",\"@id\":\"https:\\\/\\\/promec.cinetic.dev\\\/en\\\/health-safety\\\/\",\"url\":\"https:\\\/\\\/promec.cinetic.dev\\\/en\\\/health-safety\\\/\",\"name\":\"Health & Safety | Promec\",\"isPartOf\":{\"@id\":\"https:\\\/\\\/promec.cinetic.dev\\\/en\\\/#website\"},\"datePublished\":\"2025-09-24T18:33:04+00:00\",\"dateModified\":\"2026-03-13T19:36:46+00:00\",\"description\":\"Chez Promec, nous priorisons la sant\u00e9 et s\u00e9curit\u00e9 pour prot\u00e9ger nos \u00e9quipes et l'environnement \u00e0 chaque projet.\",\"breadcrumb\":{\"@id\":\"https:\\\/\\\/promec.cinetic.dev\\\/en\\\/health-safety\\\/#breadcrumb\"},\"inLanguage\":\"en-US\",\"potentialAction\":[{\"@type\":\"ReadAction\",\"target\":[\"https:\\\/\\\/promec.cinetic.dev\\\/en\\\/health-safety\\\/\"]}]},{\"@type\":\"BreadcrumbList\",\"@id\":\"https:\\\/\\\/promec.cinetic.dev\\\/en\\\/health-safety\\\/#breadcrumb\",\"itemListElement\":[{\"@type\":\"ListItem\",\"position\":1,\"name\":\"Accueil\",\"item\":\"https:\\\/\\\/promec.cinetic.dev\\\/en\\\/\"},{\"@type\":\"ListItem\",\"position\":2,\"name\":\"Health &#038; Safety\"}]},{\"@type\":\"WebSite\",\"@id\":\"https:\\\/\\\/promec.cinetic.dev\\\/en\\\/#website\",\"url\":\"https:\\\/\\\/promec.cinetic.dev\\\/en\\\/\",\"name\":\"Groupe Promec\",\"description\":\"Sp\u00e9cialiste en construction industrielle depuis 1987\",\"publisher\":{\"@id\":\"https:\\\/\\\/promec.cinetic.dev\\\/en\\\/#organization\"},\"alternateName\":\"Promec\",\"potentialAction\":[{\"@type\":\"SearchAction\",\"target\":{\"@type\":\"EntryPoint\",\"urlTemplate\":\"https:\\\/\\\/promec.cinetic.dev\\\/en\\\/?s={search_term_string}\"},\"query-input\":{\"@type\":\"PropertyValueSpecification\",\"valueRequired\":true,\"valueName\":\"search_term_string\"}}],\"inLanguage\":\"en-US\"},{\"@type\":\"Organization\",\"@id\":\"https:\\\/\\\/promec.cinetic.dev\\\/en\\\/#organization\",\"name\":\"Groupe Promec\",\"alternateName\":\"Promec\",\"url\":\"https:\\\/\\\/promec.cinetic.dev\\\/en\\\/\",\"logo\":{\"@type\":\"ImageObject\",\"inLanguage\":\"en-US\",\"@id\":\"https:\\\/\\\/promec.cinetic.dev\\\/en\\\/#\\\/schema\\\/logo\\\/image\\\/\",\"url\":\"https:\\\/\\\/promec.cinetic.dev\\\/wp-content\\\/uploads\\\/2025\\\/10\\\/p-logo-1.svg\",\"contentUrl\":\"https:\\\/\\\/promec.cinetic.dev\\\/wp-content\\\/uploads\\\/2025\\\/10\\\/p-logo-1.svg\",\"width\":\"1024\",\"height\":\"1024\",\"caption\":\"Groupe Promec\"},\"image\":{\"@id\":\"https:\\\/\\\/promec.cinetic.dev\\\/en\\\/#\\\/schema\\\/logo\\\/image\\\/\"},\"sameAs\":[\"https:\\\/\\\/www.facebook.com\\\/groupepromec?fref=ts\"]}]}<\/script>\n<!-- \/ Yoast SEO plugin. -->","yoast_head_json":{"title":"Health & Safety | Promec","description":"Chez Promec, nous priorisons la sant\u00e9 et s\u00e9curit\u00e9 pour prot\u00e9ger nos \u00e9quipes et l'environnement \u00e0 chaque projet.","robots":{"index":"noindex","follow":"follow","max-snippet":"max-snippet:-1","max-image-preview":"max-image-preview:large","max-video-preview":"max-video-preview:-1"},"og_locale":"en_US","og_type":"article","og_title":"Health & Safety | Promec","og_description":"Chez Promec, nous priorisons la sant\u00e9 et s\u00e9curit\u00e9 pour prot\u00e9ger nos \u00e9quipes et l'environnement \u00e0 chaque projet.","og_url":"https:\/\/promec.cinetic.dev\/en\/health-safety\/","og_site_name":"Promec","article_publisher":"https:\/\/www.facebook.com\/groupepromec?fref=ts","article_modified_time":"2026-03-13T19:36:46+00:00","twitter_card":"summary_large_image","twitter_misc":{"Est. reading time":"2 minutes"},"schema":{"@context":"https:\/\/schema.org","@graph":[{"@type":"WebPage","@id":"https:\/\/promec.cinetic.dev\/en\/health-safety\/","url":"https:\/\/promec.cinetic.dev\/en\/health-safety\/","name":"Health & Safety | Promec","isPartOf":{"@id":"https:\/\/promec.cinetic.dev\/en\/#website"},"datePublished":"2025-09-24T18:33:04+00:00","dateModified":"2026-03-13T19:36:46+00:00","description":"Chez Promec, nous priorisons la sant\u00e9 et s\u00e9curit\u00e9 pour prot\u00e9ger nos \u00e9quipes et l'environnement \u00e0 chaque projet.","breadcrumb":{"@id":"https:\/\/promec.cinetic.dev\/en\/health-safety\/#breadcrumb"},"inLanguage":"en-US","potentialAction":[{"@type":"ReadAction","target":["https:\/\/promec.cinetic.dev\/en\/health-safety\/"]}]},{"@type":"BreadcrumbList","@id":"https:\/\/promec.cinetic.dev\/en\/health-safety\/#breadcrumb","itemListElement":[{"@type":"ListItem","position":1,"name":"Accueil","item":"https:\/\/promec.cinetic.dev\/en\/"},{"@type":"ListItem","position":2,"name":"Health &#038; Safety"}]},{"@type":"WebSite","@id":"https:\/\/promec.cinetic.dev\/en\/#website","url":"https:\/\/promec.cinetic.dev\/en\/","name":"Groupe Promec","description":"Sp\u00e9cialiste en construction industrielle depuis 1987","publisher":{"@id":"https:\/\/promec.cinetic.dev\/en\/#organization"},"alternateName":"Promec","potentialAction":[{"@type":"SearchAction","target":{"@type":"EntryPoint","urlTemplate":"https:\/\/promec.cinetic.dev\/en\/?s={search_term_string}"},"query-input":{"@type":"PropertyValueSpecification","valueRequired":true,"valueName":"search_term_string"}}],"inLanguage":"en-US"},{"@type":"Organization","@id":"https:\/\/promec.cinetic.dev\/en\/#organization","name":"Groupe Promec","alternateName":"Promec","url":"https:\/\/promec.cinetic.dev\/en\/","logo":{"@type":"ImageObject","inLanguage":"en-US","@id":"https:\/\/promec.cinetic.dev\/en\/#\/schema\/logo\/image\/","url":"https:\/\/promec.cinetic.dev\/wp-content\/uploads\/2025\/10\/p-logo-1.svg","contentUrl":"https:\/\/promec.cinetic.dev\/wp-content\/uploads\/2025\/10\/p-logo-1.svg","width":"1024","height":"1024","caption":"Groupe Promec"},"image":{"@id":"https:\/\/promec.cinetic.dev\/en\/#\/schema\/logo\/image\/"},"sameAs":["https:\/\/www.facebook.com\/groupepromec?fref=ts"]}]}},"_links":{"self":[{"href":"https:\/\/promec.cinetic.dev\/en\/wp-json\/wp\/v2\/pages\/1420","targetHints":{"allow":["GET"]}}],"collection":[{"href":"https:\/\/promec.cinetic.dev\/en\/wp-json\/wp\/v2\/pages"}],"about":[{"href":"https:\/\/promec.cinetic.dev\/en\/wp-json\/wp\/v2\/types\/page"}],"author":[{"embeddable":true,"href":"https:\/\/promec.cinetic.dev\/en\/wp-json\/wp\/v2\/users\/1"}],"replies":[{"embeddable":true,"href":"https:\/\/promec.cinetic.dev\/en\/wp-json\/wp\/v2\/comments?post=1420"}],"version-history":[{"count":5,"href":"https:\/\/promec.cinetic.dev\/en\/wp-json\/wp\/v2\/pages\/1420\/revisions"}],"predecessor-version":[{"id":1430,"href":"https:\/\/promec.cinetic.dev\/en\/wp-json\/wp\/v2\/pages\/1420\/revisions\/1430"}],"wp:attachment":[{"href":"https:\/\/promec.cinetic.dev\/en\/wp-json\/wp\/v2\/media?parent=1420"}],"curies":[{"name":"wp","href":"https:\/\/api.w.org\/{rel}","templated":true}]}}