{"id":1432,"date":"2025-09-24T14:33:13","date_gmt":"2025-09-24T18:33:13","guid":{"rendered":"https:\/\/promec.cinetic.dev\/certification\/"},"modified":"2026-03-13T15:39:45","modified_gmt":"2026-03-13T19:39:45","slug":"certifications","status":"publish","type":"page","link":"https:\/\/promec.cinetic.dev\/en\/certifications\/","title":{"rendered":"Certifications"},"content":{"rendered":"<section class=\"l-section wpb_row common-hero-section height_small with_img\"><div class=\"l-section-img\" role=\"img\" aria-label=\"Image\" data-img-width=\"1920\" data-img-height=\"1278\" style=\"background-image: url(https:\/\/promec.cinetic.dev\/wp-content\/uploads\/2025\/10\/Tuyauterie-Soudure-Haute-Pression.jpg);background-repeat: no-repeat;\"><\/div><div class=\"l-section-overlay\" style=\"background:var(--color-content-overlay-grad, var(--color-content-overlay) )\"><\/div><div class=\"l-section-h i-cf\"><div class=\"g-cols vc_row via_grid cols_1 laptops-cols_inherit tablets-cols_inherit mobiles-cols_1 valign_middle type_default stacking_default\" style=\"--columns-gap:0rem;\"><div class=\"wpb_column vc_column_container\"><div class=\"vc_column-inner\"><div class=\"wpb_text_column\"><div class=\"wpb_wrapper\"><h1 style=\"text-align: center;\">Certifications<\/h1>\n<\/div><\/div><\/div><\/div><\/div><\/div><\/section><section class=\"l-section wpb_row us_custom_d599f866 height_small\"><div class=\"l-section-h i-cf\"><div class=\"g-cols vc_row via_grid cols_1 laptops-cols_inherit tablets-cols_inherit mobiles-cols_1 valign_top type_default stacking_default\"><div class=\"wpb_column vc_column_container\"><div class=\"vc_column-inner\"><div class=\"wpb_text_column style-h6\"><div class=\"wpb_wrapper\"><p style=\"text-align: center;\">Groupe Promec maintains recognized industry certifications that reflect our commitment to quality, safety and regulatory compliance.<\/p>\n<p style=\"text-align: center;\">Our certifications demonstrate our ability to execute complex industrial projects in accordance with Canadian standards and client\u2011specific requirements.<\/p>\n<\/div><\/div><div class=\"w-separator size_medium\"><\/div><div class=\"w-gallery fit_cover type_grid ratio_1x1 count_8\" style=\"--columns:4;--items-gap:10px;\"><div class=\"w-gallery-list\"><div class=\"w-gallery-item\"><div class=\"w-gallery-item-img\"><img loading=\"lazy\" decoding=\"async\" width=\"489\" height=\"608\" src=\"https:\/\/promec.cinetic.dev\/wp-content\/uploads\/2025\/10\/Logo-cwb.png\" class=\"attachment-large size-large\" alt=\"\" srcset=\"https:\/\/promec.cinetic.dev\/wp-content\/uploads\/2025\/10\/Logo-cwb.png 489w, https:\/\/promec.cinetic.dev\/wp-content\/uploads\/2025\/10\/Logo-cwb-241x300.png 241w\" sizes=\"auto, (max-width: 489px) 100vw, 489px\" \/><\/div><\/div><div class=\"w-gallery-item\"><div class=\"w-gallery-item-img\"><img loading=\"lazy\" decoding=\"async\" width=\"1024\" height=\"173\" src=\"https:\/\/promec.cinetic.dev\/wp-content\/uploads\/2025\/10\/CMEQ_LOGO_signature_Hori_couleur_rgb-1024x173.png\" class=\"attachment-large size-large\" alt=\"\" srcset=\"https:\/\/promec.cinetic.dev\/wp-content\/uploads\/2025\/10\/CMEQ_LOGO_signature_Hori_couleur_rgb-1024x173.png 1024w, https:\/\/promec.cinetic.dev\/wp-content\/uploads\/2025\/10\/CMEQ_LOGO_signature_Hori_couleur_rgb-300x51.png 300w, https:\/\/promec.cinetic.dev\/wp-content\/uploads\/2025\/10\/CMEQ_LOGO_signature_Hori_couleur_rgb-scaled.png 1920w\" sizes=\"auto, (max-width: 1024px) 100vw, 1024px\" \/><\/div><\/div><div class=\"w-gallery-item\"><div class=\"w-gallery-item-img\"><img loading=\"lazy\" decoding=\"async\" width=\"1024\" height=\"886\" src=\"https:\/\/promec.cinetic.dev\/wp-content\/uploads\/2025\/10\/cmmtq_logo-1024x886.png\" class=\"attachment-large size-large\" alt=\"\" srcset=\"https:\/\/promec.cinetic.dev\/wp-content\/uploads\/2025\/10\/cmmtq_logo-1024x886.png 1024w, https:\/\/promec.cinetic.dev\/wp-content\/uploads\/2025\/10\/cmmtq_logo-300x260.png 300w, https:\/\/promec.cinetic.dev\/wp-content\/uploads\/2025\/10\/cmmtq_logo-scaled.png 1920w\" sizes=\"auto, (max-width: 1024px) 100vw, 1024px\" \/><\/div><\/div><div class=\"w-gallery-item\"><div class=\"w-gallery-item-img\"><img loading=\"lazy\" decoding=\"async\" width=\"1024\" height=\"469\" src=\"https:\/\/promec.cinetic.dev\/wp-content\/uploads\/2025\/10\/ABSA-1024x469.png\" class=\"attachment-large size-large\" alt=\"\" srcset=\"https:\/\/promec.cinetic.dev\/wp-content\/uploads\/2025\/10\/ABSA-1024x469.png 1024w, https:\/\/promec.cinetic.dev\/wp-content\/uploads\/2025\/10\/ABSA-300x137.png 300w, https:\/\/promec.cinetic.dev\/wp-content\/uploads\/2025\/10\/ABSA.png 1031w\" sizes=\"auto, (max-width: 1024px) 100vw, 1024px\" \/><\/div><\/div><div class=\"w-gallery-item\"><div class=\"w-gallery-item-img\"><img loading=\"lazy\" decoding=\"async\" width=\"1024\" height=\"835\" src=\"https:\/\/promec.cinetic.dev\/wp-content\/uploads\/2025\/10\/ISO-1024x835.png\" class=\"attachment-large size-large\" alt=\"\" srcset=\"https:\/\/promec.cinetic.dev\/wp-content\/uploads\/2025\/10\/ISO-1024x835.png 1024w, https:\/\/promec.cinetic.dev\/wp-content\/uploads\/2025\/10\/ISO-300x244.png 300w, https:\/\/promec.cinetic.dev\/wp-content\/uploads\/2025\/10\/ISO-scaled.png 1920w\" sizes=\"auto, (max-width: 1024px) 100vw, 1024px\" \/><\/div><\/div><div class=\"w-gallery-item\"><div class=\"w-gallery-item-img\"><img loading=\"lazy\" decoding=\"async\" width=\"1024\" height=\"936\" src=\"https:\/\/promec.cinetic.dev\/wp-content\/uploads\/2025\/10\/ISO_9001-2015.svg-1024x936.png\" class=\"attachment-large size-large\" alt=\"\" srcset=\"https:\/\/promec.cinetic.dev\/wp-content\/uploads\/2025\/10\/ISO_9001-2015.svg-1024x936.png 1024w, https:\/\/promec.cinetic.dev\/wp-content\/uploads\/2025\/10\/ISO_9001-2015.svg-300x274.png 300w, https:\/\/promec.cinetic.dev\/wp-content\/uploads\/2025\/10\/ISO_9001-2015.svg.png 1200w\" sizes=\"auto, (max-width: 1024px) 100vw, 1024px\" \/><\/div><\/div><div class=\"w-gallery-item\"><div class=\"w-gallery-item-img\"><img loading=\"lazy\" decoding=\"async\" width=\"1024\" height=\"498\" src=\"https:\/\/promec.cinetic.dev\/wp-content\/uploads\/2025\/10\/ESA-1024x498.png\" class=\"attachment-large size-large\" alt=\"\" srcset=\"https:\/\/promec.cinetic.dev\/wp-content\/uploads\/2025\/10\/ESA-1024x498.png 1024w, https:\/\/promec.cinetic.dev\/wp-content\/uploads\/2025\/10\/ESA-300x146.png 300w, https:\/\/promec.cinetic.dev\/wp-content\/uploads\/2025\/10\/ESA.png 1806w\" sizes=\"auto, (max-width: 1024px) 100vw, 1024px\" \/><\/div><\/div><div class=\"w-gallery-item\"><div class=\"w-gallery-item-img\"><img loading=\"lazy\" decoding=\"async\" width=\"1024\" height=\"455\" src=\"https:\/\/promec.cinetic.dev\/wp-content\/uploads\/2025\/10\/amq-1024x455.png\" class=\"attachment-large size-large\" alt=\"\" srcset=\"https:\/\/promec.cinetic.dev\/wp-content\/uploads\/2025\/10\/amq-1024x455.png 1024w, https:\/\/promec.cinetic.dev\/wp-content\/uploads\/2025\/10\/amq-300x133.png 300w, https:\/\/promec.cinetic.dev\/wp-content\/uploads\/2025\/10\/amq.png 1186w\" sizes=\"auto, (max-width: 1024px) 100vw, 1024px\" \/><\/div><\/div><\/div><\/div><\/div><\/div><\/div><\/div><\/section>\n","protected":false},"excerpt":{"rendered":"Certifications Groupe Promec maintains recognized industry certifications that reflect our commitment to quality, safety and regulatory compliance. Our certifications demonstrate our ability to execute complex industrial projects in accordance with Canadian standards and client\u2011specific requirements.","protected":false},"author":1,"featured_media":0,"parent":0,"menu_order":0,"comment_status":"closed","ping_status":"closed","template":"","meta":{"_acf_changed":false,"footnotes":""},"class_list":["post-1432","page","type-page","status-publish","hentry"],"acf":[],"yoast_head":"<!-- This site is optimized with the Yoast SEO plugin v27.3 - https:\/\/yoast.com\/product\/yoast-seo-wordpress\/ -->\n<title>Certifications | Promec<\/title>\n<meta name=\"description\" content=\"Les certifications en construction sont essentielles pour assurer des r\u00e9sultats de qualit\u00e9. Apprenez-en plus sur nos accr\u00e9ditations.\" \/>\n<meta name=\"robots\" content=\"noindex, follow, max-snippet:-1, max-image-preview:large, max-video-preview:-1\" \/>\n<meta property=\"og:locale\" content=\"en_US\" \/>\n<meta property=\"og:type\" content=\"article\" \/>\n<meta property=\"og:title\" content=\"Certifications | Promec\" \/>\n<meta property=\"og:description\" content=\"Les certifications en construction sont essentielles pour assurer des r\u00e9sultats de qualit\u00e9. Apprenez-en plus sur nos accr\u00e9ditations.\" \/>\n<meta property=\"og:url\" content=\"https:\/\/promec.cinetic.dev\/en\/certifications\/\" \/>\n<meta property=\"og:site_name\" content=\"Promec\" \/>\n<meta property=\"article:publisher\" content=\"https:\/\/www.facebook.com\/groupepromec?fref=ts\" \/>\n<meta property=\"article:modified_time\" content=\"2026-03-13T19:39:45+00:00\" \/>\n<meta name=\"twitter:card\" content=\"summary_large_image\" \/>\n<meta name=\"twitter:label1\" content=\"Est. reading time\" \/>\n\t<meta name=\"twitter:data1\" content=\"1 minute\" \/>\n<script type=\"application\/ld+json\" class=\"yoast-schema-graph\">{\"@context\":\"https:\\\/\\\/schema.org\",\"@graph\":[{\"@type\":\"WebPage\",\"@id\":\"https:\\\/\\\/promec.cinetic.dev\\\/en\\\/certifications\\\/\",\"url\":\"https:\\\/\\\/promec.cinetic.dev\\\/en\\\/certifications\\\/\",\"name\":\"Certifications | Promec\",\"isPartOf\":{\"@id\":\"https:\\\/\\\/promec.cinetic.dev\\\/en\\\/#website\"},\"datePublished\":\"2025-09-24T18:33:13+00:00\",\"dateModified\":\"2026-03-13T19:39:45+00:00\",\"description\":\"Les certifications en construction sont essentielles pour assurer des r\u00e9sultats de qualit\u00e9. Apprenez-en plus sur nos accr\u00e9ditations.\",\"breadcrumb\":{\"@id\":\"https:\\\/\\\/promec.cinetic.dev\\\/en\\\/certifications\\\/#breadcrumb\"},\"inLanguage\":\"en-US\",\"potentialAction\":[{\"@type\":\"ReadAction\",\"target\":[\"https:\\\/\\\/promec.cinetic.dev\\\/en\\\/certifications\\\/\"]}]},{\"@type\":\"BreadcrumbList\",\"@id\":\"https:\\\/\\\/promec.cinetic.dev\\\/en\\\/certifications\\\/#breadcrumb\",\"itemListElement\":[{\"@type\":\"ListItem\",\"position\":1,\"name\":\"Accueil\",\"item\":\"https:\\\/\\\/promec.cinetic.dev\\\/en\\\/\"},{\"@type\":\"ListItem\",\"position\":2,\"name\":\"Certifications\"}]},{\"@type\":\"WebSite\",\"@id\":\"https:\\\/\\\/promec.cinetic.dev\\\/en\\\/#website\",\"url\":\"https:\\\/\\\/promec.cinetic.dev\\\/en\\\/\",\"name\":\"Groupe Promec\",\"description\":\"Sp\u00e9cialiste en construction industrielle depuis 1987\",\"publisher\":{\"@id\":\"https:\\\/\\\/promec.cinetic.dev\\\/en\\\/#organization\"},\"alternateName\":\"Promec\",\"potentialAction\":[{\"@type\":\"SearchAction\",\"target\":{\"@type\":\"EntryPoint\",\"urlTemplate\":\"https:\\\/\\\/promec.cinetic.dev\\\/en\\\/?s={search_term_string}\"},\"query-input\":{\"@type\":\"PropertyValueSpecification\",\"valueRequired\":true,\"valueName\":\"search_term_string\"}}],\"inLanguage\":\"en-US\"},{\"@type\":\"Organization\",\"@id\":\"https:\\\/\\\/promec.cinetic.dev\\\/en\\\/#organization\",\"name\":\"Groupe Promec\",\"alternateName\":\"Promec\",\"url\":\"https:\\\/\\\/promec.cinetic.dev\\\/en\\\/\",\"logo\":{\"@type\":\"ImageObject\",\"inLanguage\":\"en-US\",\"@id\":\"https:\\\/\\\/promec.cinetic.dev\\\/en\\\/#\\\/schema\\\/logo\\\/image\\\/\",\"url\":\"https:\\\/\\\/promec.cinetic.dev\\\/wp-content\\\/uploads\\\/2025\\\/10\\\/p-logo-1.svg\",\"contentUrl\":\"https:\\\/\\\/promec.cinetic.dev\\\/wp-content\\\/uploads\\\/2025\\\/10\\\/p-logo-1.svg\",\"width\":\"1024\",\"height\":\"1024\",\"caption\":\"Groupe Promec\"},\"image\":{\"@id\":\"https:\\\/\\\/promec.cinetic.dev\\\/en\\\/#\\\/schema\\\/logo\\\/image\\\/\"},\"sameAs\":[\"https:\\\/\\\/www.facebook.com\\\/groupepromec?fref=ts\"]}]}<\/script>\n<!-- \/ Yoast SEO plugin. -->","yoast_head_json":{"title":"Certifications | Promec","description":"Les certifications en construction sont essentielles pour assurer des r\u00e9sultats de qualit\u00e9. Apprenez-en plus sur nos accr\u00e9ditations.","robots":{"index":"noindex","follow":"follow","max-snippet":"max-snippet:-1","max-image-preview":"max-image-preview:large","max-video-preview":"max-video-preview:-1"},"og_locale":"en_US","og_type":"article","og_title":"Certifications | Promec","og_description":"Les certifications en construction sont essentielles pour assurer des r\u00e9sultats de qualit\u00e9. Apprenez-en plus sur nos accr\u00e9ditations.","og_url":"https:\/\/promec.cinetic.dev\/en\/certifications\/","og_site_name":"Promec","article_publisher":"https:\/\/www.facebook.com\/groupepromec?fref=ts","article_modified_time":"2026-03-13T19:39:45+00:00","twitter_card":"summary_large_image","twitter_misc":{"Est. reading time":"1 minute"},"schema":{"@context":"https:\/\/schema.org","@graph":[{"@type":"WebPage","@id":"https:\/\/promec.cinetic.dev\/en\/certifications\/","url":"https:\/\/promec.cinetic.dev\/en\/certifications\/","name":"Certifications | Promec","isPartOf":{"@id":"https:\/\/promec.cinetic.dev\/en\/#website"},"datePublished":"2025-09-24T18:33:13+00:00","dateModified":"2026-03-13T19:39:45+00:00","description":"Les certifications en construction sont essentielles pour assurer des r\u00e9sultats de qualit\u00e9. Apprenez-en plus sur nos accr\u00e9ditations.","breadcrumb":{"@id":"https:\/\/promec.cinetic.dev\/en\/certifications\/#breadcrumb"},"inLanguage":"en-US","potentialAction":[{"@type":"ReadAction","target":["https:\/\/promec.cinetic.dev\/en\/certifications\/"]}]},{"@type":"BreadcrumbList","@id":"https:\/\/promec.cinetic.dev\/en\/certifications\/#breadcrumb","itemListElement":[{"@type":"ListItem","position":1,"name":"Accueil","item":"https:\/\/promec.cinetic.dev\/en\/"},{"@type":"ListItem","position":2,"name":"Certifications"}]},{"@type":"WebSite","@id":"https:\/\/promec.cinetic.dev\/en\/#website","url":"https:\/\/promec.cinetic.dev\/en\/","name":"Groupe Promec","description":"Sp\u00e9cialiste en construction industrielle depuis 1987","publisher":{"@id":"https:\/\/promec.cinetic.dev\/en\/#organization"},"alternateName":"Promec","potentialAction":[{"@type":"SearchAction","target":{"@type":"EntryPoint","urlTemplate":"https:\/\/promec.cinetic.dev\/en\/?s={search_term_string}"},"query-input":{"@type":"PropertyValueSpecification","valueRequired":true,"valueName":"search_term_string"}}],"inLanguage":"en-US"},{"@type":"Organization","@id":"https:\/\/promec.cinetic.dev\/en\/#organization","name":"Groupe Promec","alternateName":"Promec","url":"https:\/\/promec.cinetic.dev\/en\/","logo":{"@type":"ImageObject","inLanguage":"en-US","@id":"https:\/\/promec.cinetic.dev\/en\/#\/schema\/logo\/image\/","url":"https:\/\/promec.cinetic.dev\/wp-content\/uploads\/2025\/10\/p-logo-1.svg","contentUrl":"https:\/\/promec.cinetic.dev\/wp-content\/uploads\/2025\/10\/p-logo-1.svg","width":"1024","height":"1024","caption":"Groupe Promec"},"image":{"@id":"https:\/\/promec.cinetic.dev\/en\/#\/schema\/logo\/image\/"},"sameAs":["https:\/\/www.facebook.com\/groupepromec?fref=ts"]}]}},"_links":{"self":[{"href":"https:\/\/promec.cinetic.dev\/en\/wp-json\/wp\/v2\/pages\/1432","targetHints":{"allow":["GET"]}}],"collection":[{"href":"https:\/\/promec.cinetic.dev\/en\/wp-json\/wp\/v2\/pages"}],"about":[{"href":"https:\/\/promec.cinetic.dev\/en\/wp-json\/wp\/v2\/types\/page"}],"author":[{"embeddable":true,"href":"https:\/\/promec.cinetic.dev\/en\/wp-json\/wp\/v2\/users\/1"}],"replies":[{"embeddable":true,"href":"https:\/\/promec.cinetic.dev\/en\/wp-json\/wp\/v2\/comments?post=1432"}],"version-history":[{"count":1,"href":"https:\/\/promec.cinetic.dev\/en\/wp-json\/wp\/v2\/pages\/1432\/revisions"}],"predecessor-version":[{"id":1441,"href":"https:\/\/promec.cinetic.dev\/en\/wp-json\/wp\/v2\/pages\/1432\/revisions\/1441"}],"wp:attachment":[{"href":"https:\/\/promec.cinetic.dev\/en\/wp-json\/wp\/v2\/media?parent=1432"}],"curies":[{"name":"wp","href":"https:\/\/api.w.org\/{rel}","templated":true}]}}