{"id":1468,"date":"2025-09-24T14:33:38","date_gmt":"2025-09-24T18:33:38","guid":{"rendered":"https:\/\/promec.cinetic.dev\/division\/"},"modified":"2026-03-13T16:19:39","modified_gmt":"2026-03-13T20:19:39","slug":"subsidiaries-partnerships","status":"publish","type":"page","link":"https:\/\/promec.cinetic.dev\/en\/subsidiaries-partnerships\/","title":{"rendered":"Subsidiaries &#038; Partnerships"},"content":{"rendered":"<section class=\"l-section wpb_row common-hero-section height_small with_img\"><div class=\"l-section-img\" role=\"img\" aria-label=\"Image\" data-img-width=\"1920\" data-img-height=\"1080\" style=\"background-image: url(https:\/\/promec.cinetic.dev\/wp-content\/uploads\/2026\/01\/Pickup-Raglan-1-scaled.jpg);background-repeat: no-repeat;\"><\/div><div class=\"l-section-overlay\" style=\"background:linear-gradient(180deg, rgba(3,15,52,0) 0%,rgba(4,13,45,0.4) 100%)\"><\/div><div class=\"l-section-h i-cf\"><div class=\"g-cols vc_row via_grid cols_1 laptops-cols_inherit tablets-cols_inherit mobiles-cols_1 valign_top type_default stacking_default\"><div class=\"wpb_column vc_column_container\"><div class=\"vc_column-inner\"><div class=\"wpb_text_column\"><div class=\"wpb_wrapper\"><h1 style=\"text-align: center;\">Subsidiaries &amp; Partnerships<\/h1>\n<\/div><\/div><\/div><\/div><\/div><\/div><\/section><section class=\"l-section wpb_row us_custom_d599f866 division-section-division height_small\"><div class=\"l-section-h i-cf\"><div class=\"g-cols vc_row via_grid cols_1 laptops-cols_inherit tablets-cols_inherit mobiles-cols_1 valign_top type_default stacking_default\"><div class=\"wpb_column vc_column_container\"><div class=\"vc_column-inner\"><div class=\"wpb_text_column style-h6 double-padding-text\"><div class=\"wpb_wrapper\"><p style=\"text-align: center;\">We bring together a group of companies, each excelling in its respective field. Together, they form a powerful network that combines expertise and operational excellence to deliver comprehensive, client-focused solutions.<\/p>\n<p style=\"text-align: center;\">Explore the companies that make up our group and discover how we can help drive your success.<\/p>\n<\/div><\/div><div class=\"w-separator size_medium\"><\/div><div class=\"g-cols wpb_row division-section-grille-division via_grid cols_2 laptops-cols_inherit tablets-cols_inherit mobiles-cols_1 valign_top type_default stacking_default\" style=\"--columns-gap:3rem;\"><div class=\"wpb_column vc_column_container\"><div class=\"vc_column-inner\"><div class=\"w-vwrapper align_left valign_middle\" style=\"--vwrapper-gap:0rem\"><div class=\"w-image has_ratio align_center\"><div class=\"w-image-h\"><div style=\"padding-bottom:75%\"><\/div><img decoding=\"async\" width=\"1920\" height=\"786\" src=\"https:\/\/promec.cinetic.dev\/wp-content\/uploads\/2025\/10\/logo_solutions_promec-scaled.png\" class=\"attachment-full size-full\" alt=\"\" loading=\"lazy\" \/><\/div><\/div><div class=\"w-separator size_huge\"><\/div><div class=\"wpb_text_column style-h4\"><div class=\"wpb_wrapper\"><p>Solution Promec<\/p>\n<\/div><\/div><div class=\"w-separator size_medium\"><\/div><div class=\"wpb_text_column\"><div class=\"wpb_wrapper\"><p>\u00c9tablie depuis 2002, Solution Promec est un entrepreneur en construction industrielle sp\u00e9cialis\u00e9 dans les travaux de maintenance et les arr\u00eats planifi\u00e9s. L\u2019entreprise oeuvre principalement en \u00e9lectricit\u00e9, tuyauterie, soudure et m\u00e9canique de chantier.<\/p>\n<\/div><\/div><div class=\"w-separator size_huge\"><\/div><div class=\"wpb_text_column\"><div class=\"wpb_wrapper\"><p>270, Boul. Industriel, Rouyn-Noranda,<br \/>\nQu\u00e9bec, Canada J9X 6T3<\/p>\n<\/div><\/div><\/div><\/div><\/div><div class=\"wpb_column vc_column_container\"><div class=\"vc_column-inner\"><div class=\"w-vwrapper align_left valign_middle\" style=\"--vwrapper-gap:0rem\"><div class=\"w-image has_ratio align_center\"><div class=\"w-image-h\"><div style=\"padding-bottom:75%\"><\/div><img decoding=\"async\" width=\"1920\" height=\"1220\" src=\"https:\/\/promec.cinetic.dev\/wp-content\/uploads\/2025\/10\/logo_arngak-scaled.png\" class=\"attachment-full size-full\" alt=\"\" loading=\"lazy\" \/><\/div><\/div><div class=\"w-separator size_huge\"><\/div><div class=\"wpb_text_column style-h4\"><div class=\"wpb_wrapper\"><p>Arngak Mining<\/p>\n<\/div><\/div><div class=\"w-separator size_medium\"><\/div><div class=\"wpb_text_column\"><div class=\"wpb_wrapper\"><p>In 2011, Groupe Promec established its first partnership in Nunavik with the creation of Promec Nunavik. The objective of this collaboration with representatives from the northern territory was to provide high-quality services in industrial mechanics, electrical work, piping and scaffolding throughout Nunavik.<\/p>\n<p>Renamed Arngak Mining Inc. in 2017 following the addition of new partners, the company continues to pursue that same mission today<\/p>\n<\/div><\/div><div class=\"w-separator size_huge\"><\/div><div class=\"wpb_text_column\"><div class=\"wpb_wrapper\"><p>250, Rue Ullatuarusiq C.P. 14 kangiqsujuaq,<br \/>\nQu\u00e9bec, Canada J0M 1K0<\/p>\n<\/div><\/div><\/div><\/div><\/div><div class=\"wpb_column vc_column_container\"><div class=\"vc_column-inner\"><div class=\"w-vwrapper align_left valign_middle\" style=\"--vwrapper-gap:0rem\"><div class=\"w-image has_ratio align_center\"><div class=\"w-image-h\"><div style=\"padding-bottom:75%\"><\/div><img decoding=\"async\" width=\"1920\" height=\"1220\" src=\"https:\/\/promec.cinetic.dev\/wp-content\/uploads\/2025\/10\/logo_nuqsana-scaled.png\" class=\"attachment-full size-full\" alt=\"\" loading=\"lazy\" \/><\/div><\/div><div class=\"w-separator size_huge\"><\/div><div class=\"wpb_text_column style-h4\"><div class=\"wpb_wrapper\"><p>Nuqsana Promec Mining Services<\/p>\n<\/div><\/div><div class=\"w-separator size_medium\"><\/div><div class=\"wpb_text_column\"><div class=\"wpb_wrapper\"><p>Nuqsana Promec Mining Services Inc. is the result of a partnership between Groupe Promec Inc. and Nuqsana Inc., an Inuit-owned company based in Nunavut. By combining Promec\u2019s technical expertise with Nuqsana\u2019s in-depth knowledge of the territory, the partnership has created a strong, locally rooted alternative for the Nunavut community.<\/p>\n<p>Led by a multidisciplinary team, Nuqsana Promec Mining delivers a wide range of industrial construction and maintenance services.<\/p>\n<\/div><\/div><div class=\"w-separator size_huge\"><\/div><div class=\"wpb_text_column\"><div class=\"wpb_wrapper\"><p>11-1 Mivvik Av. Rankin Inlet,<br \/>\nNunavut, Canada X0C 0G0<\/p>\n<\/div><\/div><\/div><\/div><\/div><div class=\"wpb_column vc_column_container\"><div class=\"vc_column-inner\"><div class=\"w-vwrapper align_left valign_middle\" style=\"--vwrapper-gap:0rem\"><div class=\"w-image has_ratio align_center\"><a target=\"_blank\" href=\"https:\/\/www.socomec.ca\/\" aria-label=\"logo_socomec\" class=\"w-image-h\"><div style=\"padding-bottom:75%\"><\/div><img decoding=\"async\" width=\"1920\" height=\"357\" src=\"https:\/\/promec.cinetic.dev\/wp-content\/uploads\/2025\/10\/logo_socomec-scaled.png\" class=\"attachment-full size-full\" alt=\"\" loading=\"lazy\" \/><\/a><\/div><div class=\"w-separator size_huge\"><\/div><div class=\"wpb_text_column style-h4\"><div class=\"wpb_wrapper\"><p>Construction Socomec<\/p>\n<\/div><\/div><div class=\"w-separator size_medium\"><\/div><div class=\"wpb_text_column\"><div class=\"wpb_wrapper\"><p>Since its founding in 1997, Construction Socomec has operated in Canada as a general contractor specializing in the installation of steel structures, piping and mechanical equipment.<\/p>\n<p>Based in Sorel, the company also manufactures industrial piping. Meeting project schedules, controlling costs and delivering quality workmanship are at the core of the entire team\u2019s commitment.<\/p>\n<\/div><\/div><div class=\"w-separator size_huge\"><\/div><div class=\"wpb_text_column\"><div class=\"wpb_wrapper\"><p>3200, rue des Chantiers, Sorel-Tracy,<br \/>\nQu\u00e9bec, Canada J3R 0E2<\/p>\n<\/div><\/div><\/div><\/div><\/div><div class=\"wpb_column vc_column_container\"><div class=\"vc_column-inner\"><div class=\"w-vwrapper align_left valign_middle\" style=\"--vwrapper-gap:0rem\"><div class=\"w-image has_ratio align_center\"><a target=\"_blank\" href=\"https:\/\/acierjp.com\/\" aria-label=\"logo_AJP\" class=\"w-image-h\"><div style=\"padding-bottom:75%\"><\/div><img decoding=\"async\" width=\"1920\" height=\"872\" src=\"https:\/\/promec.cinetic.dev\/wp-content\/uploads\/2025\/10\/logo_AJP-scaled.png\" class=\"attachment-full size-full\" alt=\"\" loading=\"lazy\" \/><\/a><\/div><div class=\"w-separator size_huge\"><\/div><div class=\"wpb_text_column style-h4\"><div class=\"wpb_wrapper\"><p>Les Aciers JP<\/p>\n<\/div><\/div><div class=\"w-separator size_medium\"><\/div><div class=\"wpb_text_column\"><div class=\"wpb_wrapper\"><p>Custom steel fabrication for forestry, mining and industrial sectors.<br \/>\nIn 2024, Groupe Promec acquired an ownership stake in the La Reine\u2013based company. Founded in 1991, Les Aciers JP began by providing installation services to lumber and OSB mills.<\/p>\n<p>Today, the company stands out for its expertise in manufacturing custom steel equipment for the forestry, mining and industrial sectors. Its reputation extends beyond provincial borders, with tailor-made solutions shipped across Canada, to the United States and internationally.<\/p>\n<\/div><\/div><div class=\"w-separator size_huge\"><\/div><div class=\"wpb_text_column\"><div class=\"wpb_wrapper\"><p>15, 3e Avenue Est, La Reine,<br \/>\nQu\u00e9bec, Canada J0Z 2L0<\/p>\n<\/div><\/div><\/div><\/div><\/div><\/div><\/div><\/div><\/div><\/div><\/section>\n","protected":false},"excerpt":{"rendered":"Subsidiaries &amp; Partnerships We bring together a group of companies, each excelling in its respective field. Together, they form a powerful network that combines expertise and operational excellence to deliver comprehensive, client-focused solutions. Explore the companies that make up our group and discover how we can help drive your success. Solution Promec \u00c9tablie depuis 2002,...","protected":false},"author":1,"featured_media":0,"parent":0,"menu_order":0,"comment_status":"closed","ping_status":"closed","template":"","meta":{"_acf_changed":false,"footnotes":""},"class_list":["post-1468","page","type-page","status-publish","hentry"],"acf":[],"yoast_head":"<!-- This site is optimized with the Yoast SEO plugin v27.3 - https:\/\/yoast.com\/product\/yoast-seo-wordpress\/ -->\n<title>Subsidiaries &amp; Partnerships | Promec<\/title>\n<meta name=\"description\" content=\"Explorez notre division et les soci\u00e9t\u00e9s qui composent notre r\u00e9seau d&#039;expertise pour des solutions industrielles compl\u00e8tes.\" \/>\n<meta name=\"robots\" content=\"noindex, follow, max-snippet:-1, max-image-preview:large, max-video-preview:-1\" \/>\n<meta property=\"og:locale\" content=\"en_US\" \/>\n<meta property=\"og:type\" content=\"article\" \/>\n<meta property=\"og:title\" content=\"Subsidiaries &amp; Partnerships | Promec\" \/>\n<meta property=\"og:description\" content=\"Explorez notre division et les soci\u00e9t\u00e9s qui composent notre r\u00e9seau d&#039;expertise pour des solutions industrielles compl\u00e8tes.\" \/>\n<meta property=\"og:url\" content=\"https:\/\/promec.cinetic.dev\/en\/subsidiaries-partnerships\/\" \/>\n<meta property=\"og:site_name\" content=\"Promec\" \/>\n<meta property=\"article:publisher\" content=\"https:\/\/www.facebook.com\/groupepromec?fref=ts\" \/>\n<meta property=\"article:modified_time\" content=\"2026-03-13T20:19:39+00:00\" \/>\n<meta name=\"twitter:card\" content=\"summary_large_image\" \/>\n<meta name=\"twitter:label1\" content=\"Est. reading time\" \/>\n\t<meta name=\"twitter:data1\" content=\"3 minutes\" \/>\n<script type=\"application\/ld+json\" class=\"yoast-schema-graph\">{\"@context\":\"https:\\\/\\\/schema.org\",\"@graph\":[{\"@type\":\"WebPage\",\"@id\":\"https:\\\/\\\/promec.cinetic.dev\\\/en\\\/subsidiaries-partnerships\\\/\",\"url\":\"https:\\\/\\\/promec.cinetic.dev\\\/en\\\/subsidiaries-partnerships\\\/\",\"name\":\"Subsidiaries & Partnerships | Promec\",\"isPartOf\":{\"@id\":\"https:\\\/\\\/promec.cinetic.dev\\\/en\\\/#website\"},\"datePublished\":\"2025-09-24T18:33:38+00:00\",\"dateModified\":\"2026-03-13T20:19:39+00:00\",\"description\":\"Explorez notre division et les soci\u00e9t\u00e9s qui composent notre r\u00e9seau d'expertise pour des solutions industrielles compl\u00e8tes.\",\"breadcrumb\":{\"@id\":\"https:\\\/\\\/promec.cinetic.dev\\\/en\\\/subsidiaries-partnerships\\\/#breadcrumb\"},\"inLanguage\":\"en-US\",\"potentialAction\":[{\"@type\":\"ReadAction\",\"target\":[\"https:\\\/\\\/promec.cinetic.dev\\\/en\\\/subsidiaries-partnerships\\\/\"]}]},{\"@type\":\"BreadcrumbList\",\"@id\":\"https:\\\/\\\/promec.cinetic.dev\\\/en\\\/subsidiaries-partnerships\\\/#breadcrumb\",\"itemListElement\":[{\"@type\":\"ListItem\",\"position\":1,\"name\":\"Accueil\",\"item\":\"https:\\\/\\\/promec.cinetic.dev\\\/en\\\/\"},{\"@type\":\"ListItem\",\"position\":2,\"name\":\"Subsidiaries &#038; Partnerships\"}]},{\"@type\":\"WebSite\",\"@id\":\"https:\\\/\\\/promec.cinetic.dev\\\/en\\\/#website\",\"url\":\"https:\\\/\\\/promec.cinetic.dev\\\/en\\\/\",\"name\":\"Groupe Promec\",\"description\":\"Sp\u00e9cialiste en construction industrielle depuis 1987\",\"publisher\":{\"@id\":\"https:\\\/\\\/promec.cinetic.dev\\\/en\\\/#organization\"},\"alternateName\":\"Promec\",\"potentialAction\":[{\"@type\":\"SearchAction\",\"target\":{\"@type\":\"EntryPoint\",\"urlTemplate\":\"https:\\\/\\\/promec.cinetic.dev\\\/en\\\/?s={search_term_string}\"},\"query-input\":{\"@type\":\"PropertyValueSpecification\",\"valueRequired\":true,\"valueName\":\"search_term_string\"}}],\"inLanguage\":\"en-US\"},{\"@type\":\"Organization\",\"@id\":\"https:\\\/\\\/promec.cinetic.dev\\\/en\\\/#organization\",\"name\":\"Groupe Promec\",\"alternateName\":\"Promec\",\"url\":\"https:\\\/\\\/promec.cinetic.dev\\\/en\\\/\",\"logo\":{\"@type\":\"ImageObject\",\"inLanguage\":\"en-US\",\"@id\":\"https:\\\/\\\/promec.cinetic.dev\\\/en\\\/#\\\/schema\\\/logo\\\/image\\\/\",\"url\":\"https:\\\/\\\/promec.cinetic.dev\\\/wp-content\\\/uploads\\\/2025\\\/10\\\/p-logo-1.svg\",\"contentUrl\":\"https:\\\/\\\/promec.cinetic.dev\\\/wp-content\\\/uploads\\\/2025\\\/10\\\/p-logo-1.svg\",\"width\":\"1024\",\"height\":\"1024\",\"caption\":\"Groupe Promec\"},\"image\":{\"@id\":\"https:\\\/\\\/promec.cinetic.dev\\\/en\\\/#\\\/schema\\\/logo\\\/image\\\/\"},\"sameAs\":[\"https:\\\/\\\/www.facebook.com\\\/groupepromec?fref=ts\"]}]}<\/script>\n<!-- \/ Yoast SEO plugin. -->","yoast_head_json":{"title":"Subsidiaries & Partnerships | Promec","description":"Explorez notre division et les soci\u00e9t\u00e9s qui composent notre r\u00e9seau d'expertise pour des solutions industrielles compl\u00e8tes.","robots":{"index":"noindex","follow":"follow","max-snippet":"max-snippet:-1","max-image-preview":"max-image-preview:large","max-video-preview":"max-video-preview:-1"},"og_locale":"en_US","og_type":"article","og_title":"Subsidiaries & Partnerships | Promec","og_description":"Explorez notre division et les soci\u00e9t\u00e9s qui composent notre r\u00e9seau d'expertise pour des solutions industrielles compl\u00e8tes.","og_url":"https:\/\/promec.cinetic.dev\/en\/subsidiaries-partnerships\/","og_site_name":"Promec","article_publisher":"https:\/\/www.facebook.com\/groupepromec?fref=ts","article_modified_time":"2026-03-13T20:19:39+00:00","twitter_card":"summary_large_image","twitter_misc":{"Est. reading time":"3 minutes"},"schema":{"@context":"https:\/\/schema.org","@graph":[{"@type":"WebPage","@id":"https:\/\/promec.cinetic.dev\/en\/subsidiaries-partnerships\/","url":"https:\/\/promec.cinetic.dev\/en\/subsidiaries-partnerships\/","name":"Subsidiaries & Partnerships | Promec","isPartOf":{"@id":"https:\/\/promec.cinetic.dev\/en\/#website"},"datePublished":"2025-09-24T18:33:38+00:00","dateModified":"2026-03-13T20:19:39+00:00","description":"Explorez notre division et les soci\u00e9t\u00e9s qui composent notre r\u00e9seau d'expertise pour des solutions industrielles compl\u00e8tes.","breadcrumb":{"@id":"https:\/\/promec.cinetic.dev\/en\/subsidiaries-partnerships\/#breadcrumb"},"inLanguage":"en-US","potentialAction":[{"@type":"ReadAction","target":["https:\/\/promec.cinetic.dev\/en\/subsidiaries-partnerships\/"]}]},{"@type":"BreadcrumbList","@id":"https:\/\/promec.cinetic.dev\/en\/subsidiaries-partnerships\/#breadcrumb","itemListElement":[{"@type":"ListItem","position":1,"name":"Accueil","item":"https:\/\/promec.cinetic.dev\/en\/"},{"@type":"ListItem","position":2,"name":"Subsidiaries &#038; Partnerships"}]},{"@type":"WebSite","@id":"https:\/\/promec.cinetic.dev\/en\/#website","url":"https:\/\/promec.cinetic.dev\/en\/","name":"Groupe Promec","description":"Sp\u00e9cialiste en construction industrielle depuis 1987","publisher":{"@id":"https:\/\/promec.cinetic.dev\/en\/#organization"},"alternateName":"Promec","potentialAction":[{"@type":"SearchAction","target":{"@type":"EntryPoint","urlTemplate":"https:\/\/promec.cinetic.dev\/en\/?s={search_term_string}"},"query-input":{"@type":"PropertyValueSpecification","valueRequired":true,"valueName":"search_term_string"}}],"inLanguage":"en-US"},{"@type":"Organization","@id":"https:\/\/promec.cinetic.dev\/en\/#organization","name":"Groupe Promec","alternateName":"Promec","url":"https:\/\/promec.cinetic.dev\/en\/","logo":{"@type":"ImageObject","inLanguage":"en-US","@id":"https:\/\/promec.cinetic.dev\/en\/#\/schema\/logo\/image\/","url":"https:\/\/promec.cinetic.dev\/wp-content\/uploads\/2025\/10\/p-logo-1.svg","contentUrl":"https:\/\/promec.cinetic.dev\/wp-content\/uploads\/2025\/10\/p-logo-1.svg","width":"1024","height":"1024","caption":"Groupe Promec"},"image":{"@id":"https:\/\/promec.cinetic.dev\/en\/#\/schema\/logo\/image\/"},"sameAs":["https:\/\/www.facebook.com\/groupepromec?fref=ts"]}]}},"_links":{"self":[{"href":"https:\/\/promec.cinetic.dev\/en\/wp-json\/wp\/v2\/pages\/1468","targetHints":{"allow":["GET"]}}],"collection":[{"href":"https:\/\/promec.cinetic.dev\/en\/wp-json\/wp\/v2\/pages"}],"about":[{"href":"https:\/\/promec.cinetic.dev\/en\/wp-json\/wp\/v2\/types\/page"}],"author":[{"embeddable":true,"href":"https:\/\/promec.cinetic.dev\/en\/wp-json\/wp\/v2\/users\/1"}],"replies":[{"embeddable":true,"href":"https:\/\/promec.cinetic.dev\/en\/wp-json\/wp\/v2\/comments?post=1468"}],"version-history":[{"count":3,"href":"https:\/\/promec.cinetic.dev\/en\/wp-json\/wp\/v2\/pages\/1468\/revisions"}],"predecessor-version":[{"id":1477,"href":"https:\/\/promec.cinetic.dev\/en\/wp-json\/wp\/v2\/pages\/1468\/revisions\/1477"}],"wp:attachment":[{"href":"https:\/\/promec.cinetic.dev\/en\/wp-json\/wp\/v2\/media?parent=1468"}],"curies":[{"name":"wp","href":"https:\/\/api.w.org\/{rel}","templated":true}]}}