{"id":1478,"date":"2025-09-24T14:33:47","date_gmt":"2025-09-24T18:33:47","guid":{"rendered":"https:\/\/promec.cinetic.dev\/contact\/"},"modified":"2026-03-13T16:26:18","modified_gmt":"2026-03-13T20:26:18","slug":"contact","status":"publish","type":"page","link":"https:\/\/promec.cinetic.dev\/en\/contact\/","title":{"rendered":"Contact"},"content":{"rendered":"<section class=\"l-section wpb_row common-hero-section height_small with_img\"><div class=\"l-section-img\" role=\"img\" aria-label=\"Image\" data-img-width=\"1920\" data-img-height=\"1278\" style=\"background-image: url(https:\/\/promec.cinetic.dev\/wp-content\/uploads\/2025\/12\/promec-125dpi\u00a9Christian_Leduc-0685.jpg);background-repeat: no-repeat;\"><\/div><div class=\"l-section-overlay\" style=\"background:var(--color-content-overlay-grad, var(--color-content-overlay) )\"><\/div><div class=\"l-section-h i-cf\"><div class=\"g-cols vc_row via_grid cols_1 laptops-cols_inherit tablets-cols_inherit mobiles-cols_1 valign_top type_default stacking_default\"><div class=\"wpb_column vc_column_container\"><div class=\"vc_column-inner\"><div class=\"wpb_text_column common-hero-section\"><div class=\"wpb_wrapper\"><h1 style=\"text-align: center;\">Contact<\/h1>\n<\/div><\/div><\/div><\/div><\/div><\/div><\/section><section class=\"l-section wpb_row us_custom_76677bb4 height_small\"><div class=\"l-section-h i-cf\"><div class=\"g-cols vc_row via_grid cols_1 laptops-cols_inherit tablets-cols_inherit mobiles-cols_1 valign_top type_default stacking_default\"><div class=\"wpb_column vc_column_container\"><div class=\"vc_column-inner\"><div class=\"wpb_text_column us_custom_2e56e4bd style-h6 has_text_color\"><div class=\"wpb_wrapper\"><p style=\"text-align: center;\">Wherever you are, our teams are ready to support you. With multiple regional offices, we provide responsive, hands-on service tailored to the realities of your industrial projects.<\/p>\n<p style=\"text-align: center;\">Contact us to discuss your needs and discover how Promec can support you, both on site and through engineering expertise.<\/p>\n<\/div><\/div><div class=\"g-cols wpb_row via_grid cols_2 laptops-cols_inherit tablets-cols_inherit mobiles-cols_1 valign_top type_default stacking_default\" style=\"--columns-gap:3rem;\"><div class=\"wpb_column vc_column_container\"><div class=\"vc_column-inner\"><div class=\"w-image has_ratio align_none\"><div class=\"w-image-h\"><div style=\"padding-bottom:100%\"><\/div><img decoding=\"async\" width=\"900\" height=\"819\" src=\"https:\/\/promec.cinetic.dev\/wp-content\/uploads\/2025\/11\/Promec_Batiment-Rouyn-Noranda_2.png\" class=\"attachment-full size-full\" alt=\"\" loading=\"lazy\" \/><\/div><\/div><\/div><\/div><div class=\"wpb_column vc_column_container\"><div class=\"vc_column-inner\"><div class=\"wpb_text_column us_custom_2e56e4bd style-h2 has_text_color\"><div class=\"wpb_wrapper\"><p>Head Office<br \/>\nRouyn-Noranda<\/p>\n<\/div><\/div><div class=\"w-separator size_medium\"><\/div><div class=\"wpb_text_column\"><div class=\"wpb_wrapper\"><p>270, boulevard Industriel<br \/>\nRouyn-Noranda, Qu\u00e9bec J9X 6T3<br \/>\n<a href=\"tel:8197977500\">819 797-7500<\/a><br \/>\n<a href=\"tel:8197977501\">819 797-7501<\/a><br \/>\n<a href=\"mailto:promec@promec.ca\">promec@promec.ca<\/a><\/p>\n<\/div><\/div><div class=\"w-separator size_medium\"><\/div><div class=\"wpb_text_column style-h4\"><div class=\"wpb_wrapper\"><p>Estimation Services<\/p>\n<\/div><\/div><div class=\"w-separator size_small\"><\/div><div class=\"wpb_text_column\"><div class=\"wpb_wrapper\"><p><a href=\"mailto:estimation@promec.ca\">estimation@promec.ca<\/a><\/p>\n<\/div><\/div><div class=\"w-separator size_medium\"><\/div><div class=\"wpb_text_column style-h4\"><div class=\"wpb_wrapper\"><p>Opening Hours<\/p>\n<\/div><\/div><div class=\"w-separator size_small\"><\/div><div class=\"wpb_text_column\"><div class=\"wpb_wrapper\"><p>Monday to Friday : 8:00AM to 5:00PM<br \/>\nSaturday and Sunday : Closed<\/p>\n<\/div><\/div><\/div><\/div><div class=\"wpb_column vc_column_container\"><div class=\"vc_column-inner\"><div class=\"w-image img-bureau-dorval has_ratio align_none\"><div class=\"w-image-h\"><div style=\"padding-bottom:100%\"><\/div><img decoding=\"async\" width=\"1920\" height=\"955\" src=\"https:\/\/promec.cinetic.dev\/wp-content\/uploads\/2025\/11\/bureau_dorval.jpg\" class=\"attachment-full size-full\" alt=\"\" loading=\"lazy\" \/><\/div><\/div><\/div><\/div><div class=\"wpb_column vc_column_container\"><div class=\"vc_column-inner\"><div class=\"wpb_text_column us_custom_2e56e4bd style-h2 has_text_color\"><div class=\"wpb_wrapper\"><p>Montreal Area Office<br \/>\nDorval<\/p>\n<\/div><\/div><div class=\"w-separator size_medium\"><\/div><div class=\"wpb_text_column\"><div class=\"wpb_wrapper\"><p>455, boulevard F\u00e9nelon, suite 215<br \/>\nDorval, Qu\u00e9bec H9S 5T8<br \/>\n<a href=\"tel:5149017500\">514 901-7500<\/a><br \/>\n<a href=\"tel:5149017501\">514 901-7501<\/a><\/p>\n<\/div><\/div><div class=\"w-separator size_huge\"><\/div><div class=\"wpb_text_column style-h4\"><div class=\"wpb_wrapper\"><p>Opening Hours<\/p>\n<\/div><\/div><div class=\"w-separator size_small\"><\/div><div class=\"wpb_text_column\"><div class=\"wpb_wrapper\"><p>Monday to Friday : 8 :00AM to 5:00PM<br \/>\nSaturday and Sunday : Closed<\/p>\n<\/div><\/div><\/div><\/div><div class=\"wpb_column vc_column_container\"><div class=\"vc_column-inner\"><div class=\"w-image has_ratio align_none\"><div class=\"w-image-h\"><div style=\"padding-bottom:100%\"><\/div><img decoding=\"async\" width=\"900\" height=\"630\" src=\"https:\/\/promec.cinetic.dev\/wp-content\/uploads\/2025\/11\/Promec_Batiment-Contrecoeur-logo.jpg\" class=\"attachment-full size-full\" alt=\"\" loading=\"lazy\" \/><\/div><\/div><\/div><\/div><div class=\"wpb_column vc_column_container\"><div class=\"vc_column-inner\"><div class=\"wpb_text_column us_custom_2e56e4bd style-h2 has_text_color\"><div class=\"wpb_wrapper\"><p>Contrecoeur Office<\/p>\n<\/div><\/div><div class=\"w-separator size_medium\"><\/div><div class=\"wpb_text_column\"><div class=\"wpb_wrapper\"><p>375, rue Dansereau, Suite 200<br \/>\nContrecoeur, Qu\u00e9bec J0L 1C0<br \/>\n<a href=\"tel:4504011075\">450 401-1075<\/a><\/p>\n<\/div><\/div><div class=\"w-separator size_huge\"><\/div><div class=\"wpb_text_column style-h4\"><div class=\"wpb_wrapper\"><p>Opening Hours<\/p>\n<\/div><\/div><div class=\"w-separator size_small\"><\/div><div class=\"wpb_text_column\"><div class=\"wpb_wrapper\"><p>Monday to Friday : 8:00AM to 5:00PM<br \/>\nSaturday and Sunday : Closed<\/p>\n<\/div><\/div><\/div><\/div><\/div><\/div><\/div><\/div><\/div><\/section><style data-type=\"us_custom-css\">.rb-famille-bleu{padding-block:unset!important;padding-left:unset!important;padding-right:unset!important}.rb-famille-bleu .g-cols.via_grid{gap:var(--space-s-2xl)}.rb-famille-bleu .wpb_column:last-of-type{padding-block:calc(var(--space-l-2xl) * 1.4);align-self:center;padding-right:var(--space-s-2xl)}@media(max-width:1024px){ .rb-famille-bleu .wpb_column{min-height:30vh}.rb-famille-bleu :where(.wpb_column:last-of-type,.wpb_column:last-of-type .vc_column-inner){padding-inline:var(--space-xs)!important}}<\/style><section class=\"l-section wpb_row rb-famille-bleu height_auto\"><div class=\"l-section-h i-cf\"><div class=\"g-cols vc_row via_grid cols_2 laptops-cols_inherit tablets-cols_inherit mobiles-cols_1 valign_top type_default stacking_default\"><div class=\"wpb_column vc_column_container us_custom_d1120de8 has_bg_color\"><div class=\"vc_column-inner\"><\/div><\/div><div class=\"wpb_column vc_column_container\"><div class=\"vc_column-inner\"><div class=\"wpb_text_column style-h2\"><div class=\"wpb_wrapper\"><p>Be part<br \/>\nof the family<\/p>\n<\/div><\/div><div class=\"w-separator size_medium\"><\/div><div class=\"wpb_text_column\"><div class=\"wpb_wrapper\"><p>Our reputation is built on the strength of our people. We consistently deliver successful projects. Thanks to our experienced and versatile team.<\/p>\n<\/div><\/div><div class=\"w-separator size_medium\"><\/div><div class=\"w-btn-wrapper align_none\"><a class=\"w-btn us-btn-style_1\" href=\"\/en\/careers\/#available-positions\"><span class=\"w-btn-label\">See Available Positions<\/span><\/a><\/div><\/div><\/div><\/div><\/div><\/section>\n\n","protected":false},"excerpt":{"rendered":"Contact Wherever you are, our teams are ready to support you. With multiple regional offices, we provide responsive, hands-on service tailored to the realities of your industrial projects. Contact us to discuss your needs and discover how Promec can support you, both on site and through engineering expertise. Head Office Rouyn-Noranda 270, boulevard Industriel Rouyn-Noranda,...","protected":false},"author":1,"featured_media":0,"parent":0,"menu_order":0,"comment_status":"closed","ping_status":"closed","template":"","meta":{"_acf_changed":false,"footnotes":""},"class_list":["post-1478","page","type-page","status-publish","hentry"],"acf":[],"yoast_head":"<!-- This site is optimized with the Yoast SEO plugin v27.3 - https:\/\/yoast.com\/product\/yoast-seo-wordpress\/ -->\n<title>Contact | Promec<\/title>\n<meta name=\"description\" content=\"Pour toute question, d\u00e9couvrez comment nous joindre facilement. Contactez notre \u00e9quipe pour un service adapt\u00e9.\" \/>\n<meta name=\"robots\" content=\"noindex, follow, max-snippet:-1, max-image-preview:large, max-video-preview:-1\" \/>\n<meta property=\"og:locale\" content=\"en_US\" \/>\n<meta property=\"og:type\" content=\"article\" \/>\n<meta property=\"og:title\" content=\"Contact | Promec\" \/>\n<meta property=\"og:description\" content=\"Pour toute question, d\u00e9couvrez comment nous joindre facilement. Contactez notre \u00e9quipe pour un service adapt\u00e9.\" \/>\n<meta property=\"og:url\" content=\"https:\/\/promec.cinetic.dev\/en\/contact\/\" \/>\n<meta property=\"og:site_name\" content=\"Promec\" \/>\n<meta property=\"article:publisher\" content=\"https:\/\/www.facebook.com\/groupepromec?fref=ts\" \/>\n<meta property=\"article:modified_time\" content=\"2026-03-13T20:26:18+00:00\" \/>\n<meta name=\"twitter:card\" content=\"summary_large_image\" \/>\n<meta name=\"twitter:label1\" content=\"Est. reading time\" \/>\n\t<meta name=\"twitter:data1\" content=\"1 minute\" \/>\n<script type=\"application\/ld+json\" class=\"yoast-schema-graph\">{\"@context\":\"https:\\\/\\\/schema.org\",\"@graph\":[{\"@type\":\"WebPage\",\"@id\":\"https:\\\/\\\/promec.cinetic.dev\\\/en\\\/contact\\\/\",\"url\":\"https:\\\/\\\/promec.cinetic.dev\\\/en\\\/contact\\\/\",\"name\":\"Contact | Promec\",\"isPartOf\":{\"@id\":\"https:\\\/\\\/promec.cinetic.dev\\\/en\\\/#website\"},\"datePublished\":\"2025-09-24T18:33:47+00:00\",\"dateModified\":\"2026-03-13T20:26:18+00:00\",\"description\":\"Pour toute question, d\u00e9couvrez comment nous joindre facilement. Contactez notre \u00e9quipe pour un service adapt\u00e9.\",\"breadcrumb\":{\"@id\":\"https:\\\/\\\/promec.cinetic.dev\\\/en\\\/contact\\\/#breadcrumb\"},\"inLanguage\":\"en-US\",\"potentialAction\":[{\"@type\":\"ReadAction\",\"target\":[\"https:\\\/\\\/promec.cinetic.dev\\\/en\\\/contact\\\/\"]}]},{\"@type\":\"BreadcrumbList\",\"@id\":\"https:\\\/\\\/promec.cinetic.dev\\\/en\\\/contact\\\/#breadcrumb\",\"itemListElement\":[{\"@type\":\"ListItem\",\"position\":1,\"name\":\"Accueil\",\"item\":\"https:\\\/\\\/promec.cinetic.dev\\\/en\\\/\"},{\"@type\":\"ListItem\",\"position\":2,\"name\":\"Contact\"}]},{\"@type\":\"WebSite\",\"@id\":\"https:\\\/\\\/promec.cinetic.dev\\\/en\\\/#website\",\"url\":\"https:\\\/\\\/promec.cinetic.dev\\\/en\\\/\",\"name\":\"Groupe Promec\",\"description\":\"Sp\u00e9cialiste en construction industrielle depuis 1987\",\"publisher\":{\"@id\":\"https:\\\/\\\/promec.cinetic.dev\\\/en\\\/#organization\"},\"alternateName\":\"Promec\",\"potentialAction\":[{\"@type\":\"SearchAction\",\"target\":{\"@type\":\"EntryPoint\",\"urlTemplate\":\"https:\\\/\\\/promec.cinetic.dev\\\/en\\\/?s={search_term_string}\"},\"query-input\":{\"@type\":\"PropertyValueSpecification\",\"valueRequired\":true,\"valueName\":\"search_term_string\"}}],\"inLanguage\":\"en-US\"},{\"@type\":\"Organization\",\"@id\":\"https:\\\/\\\/promec.cinetic.dev\\\/en\\\/#organization\",\"name\":\"Groupe Promec\",\"alternateName\":\"Promec\",\"url\":\"https:\\\/\\\/promec.cinetic.dev\\\/en\\\/\",\"logo\":{\"@type\":\"ImageObject\",\"inLanguage\":\"en-US\",\"@id\":\"https:\\\/\\\/promec.cinetic.dev\\\/en\\\/#\\\/schema\\\/logo\\\/image\\\/\",\"url\":\"https:\\\/\\\/promec.cinetic.dev\\\/wp-content\\\/uploads\\\/2025\\\/10\\\/p-logo-1.svg\",\"contentUrl\":\"https:\\\/\\\/promec.cinetic.dev\\\/wp-content\\\/uploads\\\/2025\\\/10\\\/p-logo-1.svg\",\"width\":\"1024\",\"height\":\"1024\",\"caption\":\"Groupe Promec\"},\"image\":{\"@id\":\"https:\\\/\\\/promec.cinetic.dev\\\/en\\\/#\\\/schema\\\/logo\\\/image\\\/\"},\"sameAs\":[\"https:\\\/\\\/www.facebook.com\\\/groupepromec?fref=ts\"]}]}<\/script>\n<!-- \/ Yoast SEO plugin. -->","yoast_head_json":{"title":"Contact | Promec","description":"Pour toute question, d\u00e9couvrez comment nous joindre facilement. Contactez notre \u00e9quipe pour un service adapt\u00e9.","robots":{"index":"noindex","follow":"follow","max-snippet":"max-snippet:-1","max-image-preview":"max-image-preview:large","max-video-preview":"max-video-preview:-1"},"og_locale":"en_US","og_type":"article","og_title":"Contact | Promec","og_description":"Pour toute question, d\u00e9couvrez comment nous joindre facilement. Contactez notre \u00e9quipe pour un service adapt\u00e9.","og_url":"https:\/\/promec.cinetic.dev\/en\/contact\/","og_site_name":"Promec","article_publisher":"https:\/\/www.facebook.com\/groupepromec?fref=ts","article_modified_time":"2026-03-13T20:26:18+00:00","twitter_card":"summary_large_image","twitter_misc":{"Est. reading time":"1 minute"},"schema":{"@context":"https:\/\/schema.org","@graph":[{"@type":"WebPage","@id":"https:\/\/promec.cinetic.dev\/en\/contact\/","url":"https:\/\/promec.cinetic.dev\/en\/contact\/","name":"Contact | Promec","isPartOf":{"@id":"https:\/\/promec.cinetic.dev\/en\/#website"},"datePublished":"2025-09-24T18:33:47+00:00","dateModified":"2026-03-13T20:26:18+00:00","description":"Pour toute question, d\u00e9couvrez comment nous joindre facilement. Contactez notre \u00e9quipe pour un service adapt\u00e9.","breadcrumb":{"@id":"https:\/\/promec.cinetic.dev\/en\/contact\/#breadcrumb"},"inLanguage":"en-US","potentialAction":[{"@type":"ReadAction","target":["https:\/\/promec.cinetic.dev\/en\/contact\/"]}]},{"@type":"BreadcrumbList","@id":"https:\/\/promec.cinetic.dev\/en\/contact\/#breadcrumb","itemListElement":[{"@type":"ListItem","position":1,"name":"Accueil","item":"https:\/\/promec.cinetic.dev\/en\/"},{"@type":"ListItem","position":2,"name":"Contact"}]},{"@type":"WebSite","@id":"https:\/\/promec.cinetic.dev\/en\/#website","url":"https:\/\/promec.cinetic.dev\/en\/","name":"Groupe Promec","description":"Sp\u00e9cialiste en construction industrielle depuis 1987","publisher":{"@id":"https:\/\/promec.cinetic.dev\/en\/#organization"},"alternateName":"Promec","potentialAction":[{"@type":"SearchAction","target":{"@type":"EntryPoint","urlTemplate":"https:\/\/promec.cinetic.dev\/en\/?s={search_term_string}"},"query-input":{"@type":"PropertyValueSpecification","valueRequired":true,"valueName":"search_term_string"}}],"inLanguage":"en-US"},{"@type":"Organization","@id":"https:\/\/promec.cinetic.dev\/en\/#organization","name":"Groupe Promec","alternateName":"Promec","url":"https:\/\/promec.cinetic.dev\/en\/","logo":{"@type":"ImageObject","inLanguage":"en-US","@id":"https:\/\/promec.cinetic.dev\/en\/#\/schema\/logo\/image\/","url":"https:\/\/promec.cinetic.dev\/wp-content\/uploads\/2025\/10\/p-logo-1.svg","contentUrl":"https:\/\/promec.cinetic.dev\/wp-content\/uploads\/2025\/10\/p-logo-1.svg","width":"1024","height":"1024","caption":"Groupe Promec"},"image":{"@id":"https:\/\/promec.cinetic.dev\/en\/#\/schema\/logo\/image\/"},"sameAs":["https:\/\/www.facebook.com\/groupepromec?fref=ts"]}]}},"_links":{"self":[{"href":"https:\/\/promec.cinetic.dev\/en\/wp-json\/wp\/v2\/pages\/1478","targetHints":{"allow":["GET"]}}],"collection":[{"href":"https:\/\/promec.cinetic.dev\/en\/wp-json\/wp\/v2\/pages"}],"about":[{"href":"https:\/\/promec.cinetic.dev\/en\/wp-json\/wp\/v2\/types\/page"}],"author":[{"embeddable":true,"href":"https:\/\/promec.cinetic.dev\/en\/wp-json\/wp\/v2\/users\/1"}],"replies":[{"embeddable":true,"href":"https:\/\/promec.cinetic.dev\/en\/wp-json\/wp\/v2\/comments?post=1478"}],"version-history":[{"count":3,"href":"https:\/\/promec.cinetic.dev\/en\/wp-json\/wp\/v2\/pages\/1478\/revisions"}],"predecessor-version":[{"id":1482,"href":"https:\/\/promec.cinetic.dev\/en\/wp-json\/wp\/v2\/pages\/1478\/revisions\/1482"}],"wp:attachment":[{"href":"https:\/\/promec.cinetic.dev\/en\/wp-json\/wp\/v2\/media?parent=1478"}],"curies":[{"name":"wp","href":"https:\/\/api.w.org\/{rel}","templated":true}]}}